{"id":3,"date":"2024-06-04T19:30:31","date_gmt":"2024-06-04T17:30:31","guid":{"rendered":"http:\/\/www.agcoopilot.com\/?page_id=3"},"modified":"2025-12-06T14:47:04","modified_gmt":"2025-12-06T13:47:04","slug":"mentions-legales","status":"publish","type":"page","link":"https:\/\/www.agcoopilot.com\/index.php\/agcoopilot\/mentions-legales\/","title":{"rendered":"Mentions l\u00e9gales"},"content":{"rendered":"\t\t<div data-elementor-type=\"wp-page\" data-elementor-id=\"3\" class=\"elementor elementor-3\">\n\t\t\t\t<div class=\"elementor-element elementor-element-5fdadf2f e-flex e-con-boxed e-con e-parent\" data-id=\"5fdadf2f\" data-element_type=\"container\" data-e-type=\"container\">\n\t\t\t\t\t<div class=\"e-con-inner\">\n\t\t\t\t<div class=\"elementor-element elementor-element-7659cdf5 elementor-widget elementor-widget-text-editor\" data-id=\"7659cdf5\" data-element_type=\"widget\" data-e-type=\"widget\" data-widget_type=\"text-editor.default\">\n\t\t\t\t\t\t\t\t\t\n<p data-start=\"249\" data-end=\"422\"><strong data-start=\"249\" data-end=\"295\">Informations obligatoires conform\u00e9ment \u00e0 :<\/strong> <a class=\"decorated-link\" href=\"https:\/\/www.economie.gouv.fr\/entreprises\/site-internet-mentions-obligatoires#\" target=\"_new\" rel=\"noopener\" data-start=\"296\" data-end=\"407\">Site officiel \u00e9conomie.gouv.fr<\/a> (19\/09\/2024)<\/p>\n<h2 data-start=\"424\" data-end=\"449\">1. Qui sommes-nous ?<\/h2>\n<p>\u00a0<\/p>\n<ul data-start=\"450\" data-end=\"913\">\n<li data-start=\"450\" data-end=\"495\">\n<p data-start=\"452\" data-end=\"495\"><strong data-start=\"452\" data-end=\"466\">Site web :<\/strong> <a class=\"decorated-link\" href=\"https:\/\/www.agcoopilot.com\" target=\"_new\" rel=\"noopener\" data-start=\"467\" data-end=\"493\">https:\/\/www.agcoopilot.com<\/a><\/p>\n<\/li>\n<li data-start=\"496\" data-end=\"535\">\n<p data-start=\"498\" data-end=\"535\"><strong data-start=\"498\" data-end=\"518\">Raison sociale :<\/strong> AgCoopilot SAS<\/p>\n<\/li>\n<li data-start=\"536\" data-end=\"604\">\n<p data-start=\"538\" data-end=\"604\"><strong data-start=\"538\" data-end=\"551\">Adresse :<\/strong> 26 route de Saint Laurent, 01750 Replonges, France<\/p>\n<\/li>\n<li data-start=\"605\" data-end=\"653\">\n<p data-start=\"607\" data-end=\"653\"><strong data-start=\"607\" data-end=\"628\">Forme juridique :<\/strong> SAS \u00e0 capital variable<\/p>\n<\/li>\n<li data-start=\"654\" data-end=\"688\">\n<p data-start=\"656\" data-end=\"688\"><strong data-start=\"656\" data-end=\"676\">Capital social :<\/strong> 100 000 \u20ac<\/p>\n<\/li>\n<li data-start=\"689\" data-end=\"730\">\n<p data-start=\"691\" data-end=\"730\"><strong data-start=\"691\" data-end=\"700\">RCS :<\/strong> Bourg en Bresse 928 448 141<\/p>\n<\/li>\n<li data-start=\"731\" data-end=\"787\">\n<p data-start=\"733\" data-end=\"787\"><strong data-start=\"733\" data-end=\"771\">Num\u00e9ro de TVA intracommunautaire :<\/strong> FR08928448141<\/p>\n<\/li>\n<li data-start=\"788\" data-end=\"913\">\n<p data-start=\"790\" data-end=\"834\"><strong data-start=\"790\" data-end=\"814\">Cr\u00e9ateur \/ contact :<\/strong> Fr\u00e9d\u00e9ric Lamarche<\/p>\n<ul data-start=\"837\" data-end=\"913\">\n<li data-start=\"837\" data-end=\"876\">\n<p data-start=\"839\" data-end=\"876\"><strong data-start=\"839\" data-end=\"850\">Email :<\/strong> <a class=\"decorated-link cursor-pointer\" rel=\"noopener\" data-start=\"851\" data-end=\"874\">frederic@agcoopilot.com<\/a><\/p>\n<\/li>\n<li data-start=\"879\" data-end=\"913\">\n<p data-start=\"881\" data-end=\"913\"><strong data-start=\"881\" data-end=\"896\">T\u00e9l\u00e9phone :<\/strong> 06 08 43 01 23<\/p>\n<\/li>\n<\/ul>\n<\/li>\n<\/ul>\n<h2 data-start=\"915\" data-end=\"934\">2. H\u00e9bergement<\/h2>\n<p>\u00a0<\/p>\n<ul data-start=\"935\" data-end=\"1087\">\n<li data-start=\"935\" data-end=\"962\">\n<p data-start=\"937\" data-end=\"962\"><strong data-start=\"937\" data-end=\"952\">H\u00e9bergeur :<\/strong> OVH SAS<\/p>\n<\/li>\n<li data-start=\"963\" data-end=\"1020\">\n<p data-start=\"965\" data-end=\"1020\"><strong data-start=\"965\" data-end=\"978\">Adresse :<\/strong> 2 rue Kellermann, 59100 Roubaix, France<\/p>\n<\/li>\n<li data-start=\"1021\" data-end=\"1052\">\n<p data-start=\"1023\" data-end=\"1052\"><strong data-start=\"1023\" data-end=\"1032\">RCS :<\/strong> Lille 537 407 926<\/p>\n<\/li>\n<li data-start=\"1053\" data-end=\"1087\">\n<p data-start=\"1055\" data-end=\"1087\"><strong data-start=\"1055\" data-end=\"1070\">T\u00e9l\u00e9phone :<\/strong> 09 72 10 10 07<\/p>\n<\/li>\n<\/ul>\n<h2 data-start=\"1089\" data-end=\"1115\">3. M\u00e9dias et contenus<\/h2>\n<p>\u00a0<\/p>\n<ul data-start=\"1116\" data-end=\"1373\">\n<li data-start=\"1116\" data-end=\"1231\">\n<p data-start=\"1118\" data-end=\"1231\">Les illustrations, images et vid\u00e9os du site sont la propri\u00e9t\u00e9 de <strong data-start=\"1183\" data-end=\"1201\">AgCoopilot SAS ou de nos partenaires <\/strong>sauf indication contraire.<\/p>\n<\/li>\n<li data-start=\"1232\" data-end=\"1373\">\n<p data-start=\"1234\" data-end=\"1373\">\u00c9vitez de t\u00e9l\u00e9verser des images contenant des donn\u00e9es EXIF de coordonn\u00e9es GPS, car elles peuvent \u00eatre exploit\u00e9es par d\u2019autres utilisateurs.<\/p>\n<\/li>\n<\/ul>\n\t\t\t\t\t\t\t\t<\/div>\n\t\t\t\t\t<\/div>\n\t\t\t\t<\/div>\n\t\t\t\t<\/div>\n\t\t","protected":false},"excerpt":{"rendered":"<p>Informations obligatoires conform\u00e9ment \u00e0 : Site officiel \u00e9conomie.gouv.fr (19\/09\/2024) 1. Qui sommes-nous ? \u00a0 Site web : https:\/\/www.agcoopilot.com Raison sociale : AgCoopilot SAS Adresse : 26 route de Saint Laurent, 01750 Replonges, France Forme juridique : SAS \u00e0 capital variable&#8230;<\/p>\n","protected":false},"author":1,"featured_media":0,"parent":33,"menu_order":0,"comment_status":"closed","ping_status":"closed","template":"","meta":{"footnotes":""},"class_list":["post-3","page","type-page","status-publish","hentry"],"_links":{"self":[{"href":"https:\/\/www.agcoopilot.com\/index.php\/wp-json\/wp\/v2\/pages\/3","targetHints":{"allow":["GET"]}}],"collection":[{"href":"https:\/\/www.agcoopilot.com\/index.php\/wp-json\/wp\/v2\/pages"}],"about":[{"href":"https:\/\/www.agcoopilot.com\/index.php\/wp-json\/wp\/v2\/types\/page"}],"author":[{"embeddable":true,"href":"https:\/\/www.agcoopilot.com\/index.php\/wp-json\/wp\/v2\/users\/1"}],"replies":[{"embeddable":true,"href":"https:\/\/www.agcoopilot.com\/index.php\/wp-json\/wp\/v2\/comments?post=3"}],"version-history":[{"count":12,"href":"https:\/\/www.agcoopilot.com\/index.php\/wp-json\/wp\/v2\/pages\/3\/revisions"}],"predecessor-version":[{"id":13591,"href":"https:\/\/www.agcoopilot.com\/index.php\/wp-json\/wp\/v2\/pages\/3\/revisions\/13591"}],"up":[{"embeddable":true,"href":"https:\/\/www.agcoopilot.com\/index.php\/wp-json\/wp\/v2\/pages\/33"}],"wp:attachment":[{"href":"https:\/\/www.agcoopilot.com\/index.php\/wp-json\/wp\/v2\/media?parent=3"}],"curies":[{"name":"wp","href":"https:\/\/api.w.org\/{rel}","templated":true}]}}